{"id":1820,"date":"2020-10-30T10:02:42","date_gmt":"2020-10-30T15:02:42","guid":{"rendered":"https:\/\/duratread.com\/ppolitica-de-privacidad\/"},"modified":"2020-11-16T11:04:13","modified_gmt":"2020-11-16T16:04:13","slug":"politica-de-privacidad","status":"publish","type":"page","link":"https:\/\/duratread.com\/es\/politica-de-privacidad\/","title":{"rendered":"Pol\u00edtica de privacidad"},"content":{"rendered":"<p><strong><u>Pol\u00edtica de Privacidad para Duratread.com<\/u><\/strong><\/p>\n<p><strong>Duratread, sus propietarios y representantes designados se han comprometido a salvaguardar su privacidad en l\u00ednea y la promesa de que no vamos a divulgar su informaci\u00f3n personal o de negocios a toda compa\u00f1\u00eda que no vinculados. Por favor, lea la siguiente pol\u00edtica para entender c\u00f3mo su informaci\u00f3n personal ser\u00e1 manejada cuando usted se registre en el Cat\u00e1logo en L\u00ednea Duratread o cuando se solicitar descargas de nuestro sitio<\/strong>.<\/p>\n<p><strong><u>Duratread recopila informaci\u00f3n de diferentes formas:<\/u><\/strong><br \/>\nRecopilamos informaci\u00f3n personal suya solamente cuando usted se registra. Pedimos que usted ingrese su nombre, n\u00famero de tel\u00e9fono, direcci\u00f3n de correo electr\u00f3nico, nombre de compa\u00f1\u00eda, ciudad, pa\u00eds, sitio web de la compa\u00f1\u00eda, su \u00e1rea principal de negocio y su producto de principal inter\u00e9s(es). Tambi\u00e9n le pedimos que nos indique con qu\u00e9 frecuencia usted quisiera recibir nuestros correos electr\u00f3nicos, y le exhortamos a que nos haga preguntas (foro de retroalimentaci\u00f3n).<\/p>\n<p>Cuando visita nuestro sitio web, usted lo hace an\u00f3nimamente. No recolectamos su informaci\u00f3n personal cuando visita nuestro sitio. Nuestro sitio web monitorea informaci\u00f3n acerca de sus visitas y registra ciertos datos de c\u00f3mo se utiliza nuestro sitio. Se compila estad\u00edsticas que nos demuestran, por ejemplo, cu\u00e1ntos visitantes ingresaron a nuestro sitio, de d\u00f3nde vinieron y el n\u00famero de las p\u00e1ginas que fueron cargadas. Esta estad\u00edstica se utiliza para modificar nuestro sitio web y cumplir mejor sus necesidades. Si usted acceso a este sitio haciendo una b\u00fasqueda en el Internet, podemos registrar la b\u00fasqueda que usted emprendi\u00f3 y c\u00f3mo se relaciona con su uso de este sitio.<\/p>\n<p>Podr\u00edamos guardar copias de la informaci\u00f3n que usted entrega cuando env\u00eda retroalimentaci\u00f3n v\u00eda correo electr\u00f3nico al sitio, hace una pregunta t\u00e9cnica o reporta un problema. Cuando usted contacta a Duratread por escrito o por el tel\u00e9fono guardamos un expediente de esa correspondencia. Podr\u00edamos tambi\u00e9n pedir que los usuarios completen encuestas que utilizamos para investigaci\u00f3n.<\/p>\n<p>Cuando usted ingresa a nuestro sitio usando su Nombre de Usuario y Contrase\u00f1a, su buscador (browser) podr\u00eda avisarle que un \u00abcookie\u00bb se est\u00e1 enviando a su computadora. Un \u00abcookie\u00bb lo identifica a usted en nuestro servidor para entonces poder mostrarle las p\u00e1ginas web que son m\u00e1s pertinentes a sus necesidades. Usted puede configurar su buscador (browser) para que le notifique cuando usted reciba un \u00abcookie\u00bb, d\u00e1ndole la opci\u00f3n para decidir si quiere o no aceptarlo.<\/p>\n<p><strong><u>\u00bfComo Duratread utiliza esta informaci\u00f3n?<\/u><\/strong><br \/>\nDuratread utiliza sus datos para proveerle con la m\u00e1s personalizada y relevante informaci\u00f3n la cual usted nos ha indicado previamente tiene inter\u00e9s en recibir. Nuestra meta es siempre servirle mejor.<\/p>\n<p><strong><u>Divulgaci\u00f3n de Informaci\u00f3n<\/u><\/strong><br \/>\nConsideramos totalmente confidencial la informaci\u00f3n que usted ha compartido con nosotros y no la divulgaremos a ninguna otra compa\u00f1\u00eda.<br \/>\n<strong><u><br \/>\nActualizando su informaci\u00f3n<\/u><\/strong><br \/>\nSi usted necesita editar, cambiar o eliminar informaci\u00f3n cuando sea, favor de contactarnos v\u00eda correo electr\u00f3nico, tel\u00e9fono o v\u00eda buz\u00f3n de comentarios. Si usted desea ser eliminado de la lista de correos para los boletines de noticias o los correos de ofertas especiales, por favor cont\u00e1ctenos por escrito a nuestra direcci\u00f3n de correo electr\u00f3nico info@duratread.com\u00a0 o conteste al correo pidiendo la opci\u00f3n de salida \u00abopt-out\u00bb.<br \/>\n<strong><u><br \/>\nNuestro compromiso con la seguridad de datos <\/u><\/strong><br \/>\nPara evitar el acceso no autorizado, mantener exactitud de los datos, y asegurar el uso correcto de la informaci\u00f3n, hemos puesto en marcha procedimientos f\u00edsicos, electr\u00f3nicos y administrativos apropiados para salvaguardar y asegurar la informaci\u00f3n que recopilamos en l\u00ednea.<\/p>\n<p><strong><u>C\u00f3mo ponerse en contacto con nosotros <\/u><\/strong><br \/>\nSi tiene otras preguntas o inquietudes acerca de estas pol\u00edticas de privacidad, por favor contacte con nosotros en <a href=\"mailto:info@duratread.com?subject=Politica%20de%20Privacidad\">info@duratread.com.<\/a><\/p>\n","protected":false},"excerpt":{"rendered":"<p>Pol\u00edtica de Privacidad para Duratread.com Duratread, sus propietarios y representantes designados se han comprometido a salvaguardar su privacidad en l\u00ednea y la promesa de que no vamos a divulgar su informaci\u00f3n personal o de negocios a toda compa\u00f1\u00eda que no vinculados. Por favor, lea la siguiente pol\u00edtica para entender c\u00f3mo su informaci\u00f3n personal ser\u00e1 manejada [&hellip;]<\/p>\n","protected":false},"author":1,"featured_media":0,"parent":0,"menu_order":0,"comment_status":"closed","ping_status":"open","template":"","meta":{"_seopress_robots_primary_cat":"","_seopress_titles_title":"Duratread Tires | Pol\u00edtica de privacidad del sitio web","_seopress_titles_desc":"Esta p\u00e1gina contiene detalles sobre la pol\u00edtica de privacidad en relaci\u00f3n con el sitio web de Duratread. ","_seopress_robots_index":"","footnotes":""},"class_list":["post-1820","page","type-page","status-publish","hentry"],"_links":{"self":[{"href":"https:\/\/duratread.com\/es\/wp-json\/wp\/v2\/pages\/1820","targetHints":{"allow":["GET"]}}],"collection":[{"href":"https:\/\/duratread.com\/es\/wp-json\/wp\/v2\/pages"}],"about":[{"href":"https:\/\/duratread.com\/es\/wp-json\/wp\/v2\/types\/page"}],"author":[{"embeddable":true,"href":"https:\/\/duratread.com\/es\/wp-json\/wp\/v2\/users\/1"}],"replies":[{"embeddable":true,"href":"https:\/\/duratread.com\/es\/wp-json\/wp\/v2\/comments?post=1820"}],"version-history":[{"count":1,"href":"https:\/\/duratread.com\/es\/wp-json\/wp\/v2\/pages\/1820\/revisions"}],"predecessor-version":[{"id":1823,"href":"https:\/\/duratread.com\/es\/wp-json\/wp\/v2\/pages\/1820\/revisions\/1823"}],"wp:attachment":[{"href":"https:\/\/duratread.com\/es\/wp-json\/wp\/v2\/media?parent=1820"}],"curies":[{"name":"wp","href":"https:\/\/api.w.org\/{rel}","templated":true}]}}